{"id":910,"date":"2025-09-09T11:51:25","date_gmt":"2025-09-09T09:51:25","guid":{"rendered":"https:\/\/parkinson380.com\/index.php\/pricing\/"},"modified":"2025-10-08T22:23:28","modified_gmt":"2025-10-08T20:23:28","slug":"pricing","status":"publish","type":"page","link":"https:\/\/parkinson380.com\/index.php\/pricing\/","title":{"rendered":"UNETE"},"content":{"rendered":"\n<div class=\"wp-block-columns alignwide pms-pt-gap is-layout-flex wp-container-core-columns-is-layout-d2da2050 wp-block-columns-is-layout-flex\" style=\"margin-bottom:0\">\n<div class=\"wp-block-column pms-pt-border-1 pms-pt-card-1 has-border-color has-global-padding is-layout-constrained wp-container-core-column-is-layout-23b1a4dc wp-block-column-is-layout-constrained\" style=\"border-color:#7a838b;border-width:2px;padding-top:var(--wp--preset--spacing--30);padding-right:var(--wp--preset--spacing--30);padding-bottom:var(--wp--preset--spacing--30);padding-left:var(--wp--preset--spacing--30)\">\n<h2 class=\"wp-block-heading has-text-align-center pms-pt-text-title has-text-color\" style=\"color:#7a838b;font-style:normal;font-weight:500\">ESTANDAR:<\/h2>\n\n\n\n<h3 class=\"wp-block-heading has-text-align-center pms-pt-text-price has-text-color\" style=\"color:#7a838b\">90$<span class=\"pms-pt-text-duration\"><span class=\"pms-divider pms-duration-divider\">\/1 a\u00f1o<\/span><\/span><\/h3>\n\n\n\n<p class=\"has-text-align-left\">En este plan vas a encontrar tu Plan diario y secuencial y todas las herramientas terap\u00e9uticas optimizadas para su desarrollo de manera did\u00e1ctica y detallada<span class=\"pms-pt-text-description\">.<\/span><\/p>\n\n\n\n<hr class=\"wp-block-separator has-alpha-channel-opacity pms-pt-separator is-style-dots\"\/>\n\n\n\n<ul class=\"wp-block-list pms-pt-list\">\n<li>Gu\u00eda de alimentaci\u00f3n<\/li>\n\n\n\n<li>Gu\u00eda de suplementaci\u00f3n<\/li>\n\n\n\n<li>Rutinas de ejecicio fisico<\/li>\n\n\n\n<li>Gu\u00eda como ayunar.<\/li>\n\n\n\n<li>Gu\u00eda de control del estr\u00e9s <\/li>\n\n\n\n<li>Gu\u00eda contra el insomnio<\/li>\n\n\n\n<li>Gu\u00eda contra el estre\u00f1imiento<\/li>\n\n\n\n<li>Gu\u00eda de desintoxicaci\u00f3n cerebral<\/li>\n\n\n\n<li>Ejemplo de como desarrollar el plan integral<\/li>\n\n\n\n<li>Ejemplo por niveles.<\/li>\n\n\n\n<li>Implementaci\u00f3n plan diario y secuencial cada dos semanas<\/li>\n<\/ul>\n\n\n\n<div class=\"wp-block-buttons pms-pt-button-column-1 is-content-justification-center is-layout-flex wp-container-core-buttons-is-layout-098cc607 wp-block-buttons-is-layout-flex\">\n<div class=\"wp-block-button has-custom-width wp-block-button__width-75 is-style-outline is-style-outline--1\"><a class=\"wp-block-button__link has-text-align-center wp-element-button\" href=\"https:\/\/parkinson380.com\/index.php\/register\/?subscription_plan=908&amp;single_plan=yes\" style=\"border-radius:0px\"><strong>Buy Now<\/strong><\/a><\/div>\n<\/div>\n<\/div>\n\n\n\n<div class=\"wp-block-column pms-pt-border-2 pms-pt-card-2 has-border-color has-global-padding is-layout-constrained wp-container-core-column-is-layout-23b1a4dc wp-block-column-is-layout-constrained\" style=\"border-color:#d7b045;border-width:2px;padding-top:var(--wp--preset--spacing--30);padding-right:var(--wp--preset--spacing--30);padding-bottom:var(--wp--preset--spacing--30);padding-left:var(--wp--preset--spacing--30)\">\n<h2 class=\"wp-block-heading has-text-align-center pms-pt-text-title has-text-color\" style=\"color:#d7b045;font-style:normal;font-weight:500\">Personalizado<\/h2>\n\n\n\n<h3 class=\"wp-block-heading has-text-align-center pms-pt-text-price has-text-color\" style=\"color:#d7b045\">180$<span class=\"pms-pt-text-duration\"><span class=\"pms-divider pms-duration-divider\"> \/ 1 a\u00f1o<\/span><\/span><\/h3>\n\n\n\n<p class=\"has-text-align-left\">En este plan encontraras los mismos beneficios que en el plan est\u00e1ndar, con la diferencia que tendr\u00e1s el desarrollo del plan terap\u00e9utico personalizado para tu situaci\u00f3n particular, a de mas de contar con soporte continuo y consultas virtuales.<\/p>\n\n\n\n<hr class=\"wp-block-separator has-alpha-channel-opacity pms-pt-separator is-style-dots\"\/>\n\n\n\n<ul class=\"wp-block-list pms-pt-list pms-pt-list-extra\">\n<li>Gu\u00eda de alimentaci\u00f3n<\/li>\n\n\n\n<li>Gu\u00eda de suplementaci\u00f3n<\/li>\n\n\n\n<li>Rutinas de ejecicio fisico<\/li>\n\n\n\n<li>Gu\u00eda como ayunar.<\/li>\n\n\n\n<li>Gu\u00eda de control del estr\u00e9s <\/li>\n\n\n\n<li>Gu\u00eda contra el insomnio<\/li>\n\n\n\n<li>Gu\u00eda contra el estre\u00f1imiento<\/li>\n\n\n\n<li>Gu\u00eda de desintoxicaci\u00f3n cerebral<\/li>\n\n\n\n<li>Ejemplo de como desarrollar el plan integral<\/li>\n\n\n\n<li>Ejemplo por niveles.<\/li>\n\n\n\n<li>Implementaci\u00f3n cada dos semanas Personalizado<\/li>\n\n\n\n<li>consultas<\/li>\n\n\n\n<li>soporte continuo<\/li>\n<\/ul>\n\n\n\n<div class=\"wp-block-buttons pms-pt-button-column-2 is-content-justification-center is-layout-flex wp-container-core-buttons-is-layout-098cc607 wp-block-buttons-is-layout-flex\">\n<div class=\"wp-block-button has-custom-width wp-block-button__width-75 is-style-outline is-style-outline--2\"><a class=\"wp-block-button__link has-text-align-center wp-element-button\" href=\"https:\/\/parkinson380.com\/index.php\/register\/?subscription_plan=909&amp;single_plan=yes\" style=\"border-radius:0px\"><strong>Buy Now<\/strong><\/a><\/div>\n<\/div>\n<\/div>\n<\/div>\n\n\n\n<p><\/p>\n","protected":false},"excerpt":{"rendered":"<p>ESTANDAR: 90$\/1 a\u00f1o En este plan vas a encontrar tu Plan diario y secuencial y todas las herramientas terap\u00e9uticas optimizadas para su desarrollo de manera did\u00e1ctica y detallada. Personalizado 180$ \/ 1 a\u00f1o En este plan encontraras los mismos beneficios que en el plan est\u00e1ndar, con la diferencia que tendr\u00e1s el desarrollo del plan terap\u00e9utico &hellip; <\/p>\n<p class=\"link-more\"><a href=\"https:\/\/parkinson380.com\/index.php\/pricing\/\" class=\"more-link\">Leer m\u00e1s<span class=\"screen-reader-text\"> \u00abUNETE\u00bb<\/span><\/a><\/p>\n","protected":false},"author":1,"featured_media":0,"parent":0,"menu_order":0,"comment_status":"closed","ping_status":"closed","template":"","meta":{"two_page_speed":[],"footnotes":""},"class_list":["post-910","page","type-page","status-publish","hentry"],"jetpack_sharing_enabled":true,"_links":{"self":[{"href":"https:\/\/parkinson380.com\/index.php\/wp-json\/wp\/v2\/pages\/910","targetHints":{"allow":["GET"]}}],"collection":[{"href":"https:\/\/parkinson380.com\/index.php\/wp-json\/wp\/v2\/pages"}],"about":[{"href":"https:\/\/parkinson380.com\/index.php\/wp-json\/wp\/v2\/types\/page"}],"author":[{"embeddable":true,"href":"https:\/\/parkinson380.com\/index.php\/wp-json\/wp\/v2\/users\/1"}],"replies":[{"embeddable":true,"href":"https:\/\/parkinson380.com\/index.php\/wp-json\/wp\/v2\/comments?post=910"}],"version-history":[{"count":8,"href":"https:\/\/parkinson380.com\/index.php\/wp-json\/wp\/v2\/pages\/910\/revisions"}],"predecessor-version":[{"id":1141,"href":"https:\/\/parkinson380.com\/index.php\/wp-json\/wp\/v2\/pages\/910\/revisions\/1141"}],"wp:attachment":[{"href":"https:\/\/parkinson380.com\/index.php\/wp-json\/wp\/v2\/media?parent=910"}],"curies":[{"name":"wp","href":"https:\/\/api.w.org\/{rel}","templated":true}]}}