{"id":670,"date":"2025-08-19T19:55:24","date_gmt":"2025-08-19T17:55:24","guid":{"rendered":"https:\/\/parkinson380.com\/?page_id=670"},"modified":"2025-10-28T20:04:42","modified_gmt":"2025-10-28T19:04:42","slug":"regenerando","status":"publish","type":"page","link":"https:\/\/parkinson380.com\/index.php\/regenerando\/","title":{"rendered":"GUIAS TERAPEUTICAS"},"content":{"rendered":"\n<h1 class=\"wp-block-heading has-text-align-center\">ABORDAJE INTEGRAL CONTRA LA ENFERMEDAD DE PARKINSON<\/h1>\n\n\n\n<p class=\"has-text-align-center\">Cada una de estas gu\u00edas terap\u00e9uticas aportan significativas herramientas que buscan optimizar y regenerar nuestro metabolismo celular. A diferencia de los tratamientos actuales, que se centran principalmente en reponer la dopamina perdida y gestionar los s\u00edntomas, las terapias regenerativas y metab\u00f3licas tienen el potencial de ir m\u00e1s all\u00e1. Su objetivo es modificar el curso de la enfermedad, convirti\u00e9ndose en una <strong>terapia verdaderamente transformadora<\/strong> al atacar directamente sus causas moleculares y celulares.<\/p>\n\n\n\n<p class=\"has-text-align-center\">Para alcanzar los objetivos de este programa \u2014minimizar la intensidad y frecuencia de los s\u00edntomas, reducir el consumo de f\u00e1rmacos sint\u00e9ticos y mejorar significativamente la calidad de vida para usted y sus seres queridos\u2014 es fundamental un compromiso activo. El \u00e9xito se lograr\u00e1 a trav\u00e9s de la dedicaci\u00f3n diaria a estudiar el contenido, adaptarlo a su situaci\u00f3n personal y, sobre todo, integrarlo en su vida mediante la pr\u00e1ctica constante.<\/p>\n\n\n\n<h2 class=\"wp-block-heading has-text-align-center\">!Es hora de actuar!<\/h2>\n\n\n\n<div class=\"wp-block-columns is-layout-flex wp-container-core-columns-is-layout-28f84493 wp-block-columns-is-layout-flex\">\n<div class=\"wp-block-column is-layout-flow wp-block-column-is-layout-flow\">\n<div class=\"wp-block-columns is-layout-flex wp-container-core-columns-is-layout-28f84493 wp-block-columns-is-layout-flex\">\n<div class=\"wp-block-column is-layout-flow wp-block-column-is-layout-flow\">\n<figure class=\"wp-block-image size-full\"><img loading=\"lazy\" decoding=\"async\" width=\"940\" height=\"788\" src=\"https:\/\/parkinson380.com\/wp-content\/uploads\/2025\/08\/Guia-de-alimentacion-contra-el-parkinson-3.png\" alt=\"\" class=\"wp-image-673\" srcset=\"https:\/\/parkinson380.com\/wp-content\/uploads\/2025\/08\/Guia-de-alimentacion-contra-el-parkinson-3.png 940w, https:\/\/parkinson380.com\/wp-content\/uploads\/2025\/08\/Guia-de-alimentacion-contra-el-parkinson-3-300x251.png 300w\" sizes=\"auto, (max-width: 940px) 100vw, 940px\" \/><\/figure>\n\n\n\n<div class=\"wp-block-buttons is-content-justification-center is-layout-flex wp-container-core-buttons-is-layout-a89b3969 wp-block-buttons-is-layout-flex\">\n<div class=\"wp-block-button\"><a class=\"wp-block-button__link has-text-align-center wp-element-button\" href=\"https:\/\/parkinson380.com\/index.php\/2025\/08\/20\/guia-de-alimentacion-contra-el-parkinson\/\">Nutrici\u00f3n<\/a><\/div>\n<\/div>\n<\/div>\n\n\n\n<div class=\"wp-block-column is-layout-flow wp-block-column-is-layout-flow\">\n<figure class=\"wp-block-image size-full\"><img loading=\"lazy\" decoding=\"async\" width=\"940\" height=\"788\" src=\"https:\/\/parkinson380.com\/wp-content\/uploads\/2025\/08\/Guia-de-alimentacion-contra-el-parkinson-4.png\" alt=\"\" class=\"wp-image-674\" srcset=\"https:\/\/parkinson380.com\/wp-content\/uploads\/2025\/08\/Guia-de-alimentacion-contra-el-parkinson-4.png 940w, https:\/\/parkinson380.com\/wp-content\/uploads\/2025\/08\/Guia-de-alimentacion-contra-el-parkinson-4-300x251.png 300w\" sizes=\"auto, (max-width: 940px) 100vw, 940px\" \/><\/figure>\n\n\n\n<div class=\"wp-block-buttons is-content-justification-center is-layout-flex wp-container-core-buttons-is-layout-a89b3969 wp-block-buttons-is-layout-flex\">\n<div class=\"wp-block-button\"><a class=\"wp-block-button__link wp-element-button\" href=\"https:\/\/parkinson380.com\/index.php\/2025\/08\/22\/guia-de-suplementacion-contra-el-parkinson\/\">Suplementa<\/a><\/div>\n<\/div>\n<\/div>\n<\/div>\n<\/div>\n\n\n\n<div class=\"wp-block-column is-layout-flow wp-block-column-is-layout-flow\">\n<div class=\"wp-block-columns is-layout-flex wp-container-core-columns-is-layout-28f84493 wp-block-columns-is-layout-flex\">\n<div class=\"wp-block-column is-layout-flow wp-block-column-is-layout-flow\">\n<figure class=\"wp-block-image size-full\"><img loading=\"lazy\" decoding=\"async\" width=\"940\" height=\"788\" src=\"https:\/\/parkinson380.com\/wp-content\/uploads\/2025\/08\/Guia-de-alimentacion-contra-el-parkinson-5.png\" alt=\"\" class=\"wp-image-675\" srcset=\"https:\/\/parkinson380.com\/wp-content\/uploads\/2025\/08\/Guia-de-alimentacion-contra-el-parkinson-5.png 940w, https:\/\/parkinson380.com\/wp-content\/uploads\/2025\/08\/Guia-de-alimentacion-contra-el-parkinson-5-300x251.png 300w\" sizes=\"auto, (max-width: 940px) 100vw, 940px\" \/><\/figure>\n\n\n\n<div class=\"wp-block-buttons is-content-justification-center is-layout-flex wp-container-core-buttons-is-layout-a89b3969 wp-block-buttons-is-layout-flex\">\n<div class=\"wp-block-button\"><a class=\"wp-block-button__link wp-element-button\" href=\"https:\/\/parkinson380.com\/index.php\/2025\/08\/23\/ejercicio-fisico-medicina-contra-el-parkinson\/\">Entr\u00e9nate<\/a><\/div>\n<\/div>\n<\/div>\n\n\n\n<div class=\"wp-block-column is-layout-flow wp-block-column-is-layout-flow\">\n<figure class=\"wp-block-image size-full\"><img loading=\"lazy\" decoding=\"async\" width=\"940\" height=\"788\" src=\"https:\/\/parkinson380.com\/wp-content\/uploads\/2025\/08\/Guia-de-alimentacion-contra-el-parkinson-6.png\" alt=\"\" class=\"wp-image-676\" srcset=\"https:\/\/parkinson380.com\/wp-content\/uploads\/2025\/08\/Guia-de-alimentacion-contra-el-parkinson-6.png 940w, https:\/\/parkinson380.com\/wp-content\/uploads\/2025\/08\/Guia-de-alimentacion-contra-el-parkinson-6-300x251.png 300w\" sizes=\"auto, (max-width: 940px) 100vw, 940px\" \/><\/figure>\n\n\n\n<div class=\"wp-block-buttons is-content-justification-center is-layout-flex wp-container-core-buttons-is-layout-a89b3969 wp-block-buttons-is-layout-flex\">\n<div class=\"wp-block-button\"><a class=\"wp-block-button__link wp-element-button\" href=\"https:\/\/parkinson380.com\/index.php\/2025\/08\/28\/duerme-mas-y-mejor\/\">Sue\u00f1a<\/a><\/div>\n<\/div>\n<\/div>\n<\/div>\n<\/div>\n<\/div>\n\n\n\n<div class=\"wp-block-columns is-layout-flex wp-container-core-columns-is-layout-28f84493 wp-block-columns-is-layout-flex\">\n<div class=\"wp-block-column is-layout-flow wp-block-column-is-layout-flow\">\n<div class=\"wp-block-columns is-layout-flex wp-container-core-columns-is-layout-28f84493 wp-block-columns-is-layout-flex\">\n<div class=\"wp-block-column is-layout-flow wp-block-column-is-layout-flow\">\n<figure class=\"wp-block-image size-full\"><img loading=\"lazy\" decoding=\"async\" width=\"940\" height=\"788\" src=\"https:\/\/parkinson380.com\/wp-content\/uploads\/2025\/08\/Guia-de-alimentacion-contra-el-parkinson-7.png\" alt=\"\" class=\"wp-image-677\" srcset=\"https:\/\/parkinson380.com\/wp-content\/uploads\/2025\/08\/Guia-de-alimentacion-contra-el-parkinson-7.png 940w, https:\/\/parkinson380.com\/wp-content\/uploads\/2025\/08\/Guia-de-alimentacion-contra-el-parkinson-7-300x251.png 300w\" sizes=\"auto, (max-width: 940px) 100vw, 940px\" \/><\/figure>\n\n\n\n<div class=\"wp-block-buttons is-content-justification-center is-layout-flex wp-container-core-buttons-is-layout-a89b3969 wp-block-buttons-is-layout-flex\">\n<div class=\"wp-block-button\"><a class=\"wp-block-button__link wp-element-button\" href=\"https:\/\/parkinson380.com\/index.php\/2025\/09\/02\/relajate\/\">Estr\u00e9s<\/a><\/div>\n<\/div>\n<\/div>\n\n\n\n<div class=\"wp-block-column is-layout-flow wp-block-column-is-layout-flow\">\n<figure class=\"wp-block-image size-full\"><img loading=\"lazy\" decoding=\"async\" width=\"940\" height=\"788\" src=\"https:\/\/parkinson380.com\/wp-content\/uploads\/2025\/08\/Guia-para-integrar-el-ayuno.png\" alt=\"\" class=\"wp-image-678\" srcset=\"https:\/\/parkinson380.com\/wp-content\/uploads\/2025\/08\/Guia-para-integrar-el-ayuno.png 940w, https:\/\/parkinson380.com\/wp-content\/uploads\/2025\/08\/Guia-para-integrar-el-ayuno-300x251.png 300w\" sizes=\"auto, (max-width: 940px) 100vw, 940px\" \/><\/figure>\n\n\n\n<div class=\"wp-block-buttons is-content-justification-center is-layout-flex wp-container-core-buttons-is-layout-a89b3969 wp-block-buttons-is-layout-flex\">\n<div class=\"wp-block-button\"><a class=\"wp-block-button__link wp-element-button\" href=\"https:\/\/parkinson380.com\/index.php\/2025\/08\/30\/ayuna\/\">Ayuna<\/a><\/div>\n<\/div>\n<\/div>\n<\/div>\n<\/div>\n\n\n\n<div class=\"wp-block-column is-layout-flow wp-block-column-is-layout-flow\">\n<div class=\"wp-block-columns is-layout-flex wp-container-core-columns-is-layout-28f84493 wp-block-columns-is-layout-flex\">\n<div class=\"wp-block-column is-layout-flow wp-block-column-is-layout-flow\">\n<figure class=\"wp-block-image size-full\"><img loading=\"lazy\" decoding=\"async\" width=\"940\" height=\"788\" src=\"https:\/\/parkinson380.com\/wp-content\/uploads\/2025\/08\/Guia-para-integrar-el-ayuno-1.png\" alt=\"\" class=\"wp-image-679\" srcset=\"https:\/\/parkinson380.com\/wp-content\/uploads\/2025\/08\/Guia-para-integrar-el-ayuno-1.png 940w, https:\/\/parkinson380.com\/wp-content\/uploads\/2025\/08\/Guia-para-integrar-el-ayuno-1-300x251.png 300w\" sizes=\"auto, (max-width: 940px) 100vw, 940px\" \/><\/figure>\n\n\n\n<div class=\"wp-block-buttons is-content-justification-center is-layout-flex wp-container-core-buttons-is-layout-a89b3969 wp-block-buttons-is-layout-flex\">\n<div class=\"wp-block-button\"><a class=\"wp-block-button__link wp-element-button\" href=\"https:\/\/parkinson380.com\/index.php\/2025\/08\/27\/elimina-los-desechos\/\">Digerir<\/a><\/div>\n<\/div>\n<\/div>\n\n\n\n<div class=\"wp-block-column is-layout-flow wp-block-column-is-layout-flow\">\n<figure class=\"wp-block-image size-full\"><img loading=\"lazy\" decoding=\"async\" width=\"940\" height=\"788\" src=\"https:\/\/parkinson380.com\/wp-content\/uploads\/2025\/08\/Guia-para-integrar-el-ayuno-3.png\" alt=\"\" class=\"wp-image-681\" srcset=\"https:\/\/parkinson380.com\/wp-content\/uploads\/2025\/08\/Guia-para-integrar-el-ayuno-3.png 940w, https:\/\/parkinson380.com\/wp-content\/uploads\/2025\/08\/Guia-para-integrar-el-ayuno-3-300x251.png 300w\" sizes=\"auto, (max-width: 940px) 100vw, 940px\" \/><\/figure>\n\n\n\n<div class=\"wp-block-buttons is-content-justification-center is-layout-flex wp-container-core-buttons-is-layout-a89b3969 wp-block-buttons-is-layout-flex\">\n<div class=\"wp-block-button\"><a class=\"wp-block-button__link wp-element-button\" href=\"https:\/\/parkinson380.com\/index.php\/2025\/09\/05\/limpia-tu-cerebro\/\">Desintoxicar<\/a><\/div>\n<\/div>\n<\/div>\n<\/div>\n<\/div>\n<\/div>\n\n\n\n<h2 class=\"wp-block-heading has-text-align-center\">Reforcemos nuestro tratamiento para lograr los mejores resultados.<\/h2>\n\n\n\n<div class=\"wp-block-columns is-layout-flex wp-container-core-columns-is-layout-28f84493 wp-block-columns-is-layout-flex\">\n<div class=\"wp-block-column is-layout-flow wp-block-column-is-layout-flow\">\n<h2 class=\"wp-block-heading has-text-align-center\">Ejemplo para construir el protocolo<\/h2>\n\n\n\n<div class=\"wp-block-columns is-layout-flex wp-container-core-columns-is-layout-28f84493 wp-block-columns-is-layout-flex\">\n<div class=\"wp-block-column is-vertically-aligned-center is-layout-flow wp-block-column-is-layout-flow\" style=\"flex-basis:33.33%\">\n<div class=\"wp-block-buttons is-content-justification-center is-layout-flex wp-container-core-buttons-is-layout-a89b3969 wp-block-buttons-is-layout-flex\">\n<div class=\"wp-block-button\"><a class=\"wp-block-button__link wp-element-button\" href=\"https:\/\/parkinson380.com\/index.php\/2025\/09\/05\/ejemplo-para-desarrollar-el-plan-terapeutico\/\">Descarga<\/a><\/div>\n<\/div>\n<\/div>\n\n\n\n<div class=\"wp-block-column is-layout-flow wp-block-column-is-layout-flow\" style=\"flex-basis:66.66%\">\n<figure class=\"wp-block-image size-large\"><img loading=\"lazy\" decoding=\"async\" width=\"1024\" height=\"1024\" src=\"https:\/\/parkinson380.com\/wp-content\/uploads\/2025\/09\/Gemini_Generated_Image_wa0hakwa0hakwa0h-1024x1024.png\" alt=\"\" class=\"wp-image-871\" srcset=\"https:\/\/parkinson380.com\/wp-content\/uploads\/2025\/09\/Gemini_Generated_Image_wa0hakwa0hakwa0h-1024x1024.png 1024w, https:\/\/parkinson380.com\/wp-content\/uploads\/2025\/09\/Gemini_Generated_Image_wa0hakwa0hakwa0h-300x300.png 300w, https:\/\/parkinson380.com\/wp-content\/uploads\/2025\/09\/Gemini_Generated_Image_wa0hakwa0hakwa0h-150x150.png 150w, https:\/\/parkinson380.com\/wp-content\/uploads\/2025\/09\/Gemini_Generated_Image_wa0hakwa0hakwa0h-2000x2000.png 2000w, https:\/\/parkinson380.com\/wp-content\/uploads\/2025\/09\/Gemini_Generated_Image_wa0hakwa0hakwa0h.png 2048w\" sizes=\"auto, (max-width: 1024px) 100vw, 1024px\" \/><\/figure>\n<\/div>\n<\/div>\n<\/div>\n\n\n\n<div class=\"wp-block-column is-layout-flow wp-block-column-is-layout-flow\">\n<h2 class=\"wp-block-heading has-text-align-right\">Actividades seg\u00fan tu nivel <\/h2>\n\n\n\n<div class=\"wp-block-columns is-layout-flex wp-container-core-columns-is-layout-28f84493 wp-block-columns-is-layout-flex\">\n<div class=\"wp-block-column is-vertically-aligned-center is-layout-flow wp-block-column-is-layout-flow\" style=\"flex-basis:33.33%\">\n<div class=\"wp-block-buttons is-layout-flex wp-block-buttons-is-layout-flex\">\n<div class=\"wp-block-button\"><a class=\"wp-block-button__link wp-element-button\" href=\"https:\/\/parkinson380.com\/index.php\/2025\/09\/05\/ejemplo-de-desarrollo-por-niveles\/\">Descarga<\/a><\/div>\n<\/div>\n<\/div>\n\n\n\n<div class=\"wp-block-column is-layout-flow wp-block-column-is-layout-flow\" style=\"flex-basis:66.66%\">\n<figure class=\"wp-block-image size-large\"><img loading=\"lazy\" decoding=\"async\" width=\"1024\" height=\"1024\" src=\"https:\/\/parkinson380.com\/wp-content\/uploads\/2025\/09\/Gemini_Generated_Image_2fvcj32fvcj32fvc-1024x1024.png\" alt=\"\" class=\"wp-image-872\" srcset=\"https:\/\/parkinson380.com\/wp-content\/uploads\/2025\/09\/Gemini_Generated_Image_2fvcj32fvcj32fvc-1024x1024.png 1024w, https:\/\/parkinson380.com\/wp-content\/uploads\/2025\/09\/Gemini_Generated_Image_2fvcj32fvcj32fvc-300x300.png 300w, https:\/\/parkinson380.com\/wp-content\/uploads\/2025\/09\/Gemini_Generated_Image_2fvcj32fvcj32fvc-150x150.png 150w, https:\/\/parkinson380.com\/wp-content\/uploads\/2025\/09\/Gemini_Generated_Image_2fvcj32fvcj32fvc-2000x2000.png 2000w, https:\/\/parkinson380.com\/wp-content\/uploads\/2025\/09\/Gemini_Generated_Image_2fvcj32fvcj32fvc.png 2048w\" sizes=\"auto, (max-width: 1024px) 100vw, 1024px\" \/><\/figure>\n<\/div>\n<\/div>\n<\/div>\n<\/div>\n\n\n\n<div class=\"wp-block-columns is-layout-flex wp-container-core-columns-is-layout-28f84493 wp-block-columns-is-layout-flex\">\n<div class=\"wp-block-column is-layout-flow wp-block-column-is-layout-flow\">\n<h1 class=\"wp-block-heading has-text-align-center\">Ejemplos de como tenemos que integrar los protocolos integrales en nuestro tratamiento.<\/h1>\n<\/div>\n<\/div>\n\n\n\n<div class=\"wp-block-columns is-layout-flex wp-container-core-columns-is-layout-28f84493 wp-block-columns-is-layout-flex\">\n<div class=\"wp-block-column is-layout-flow wp-block-column-is-layout-flow\">\n<h2 class=\"wp-block-heading has-text-align-center\">Nivel 1 <\/h2>\n\n\n\n<div class=\"wp-block-buttons is-content-justification-center is-layout-flex wp-container-core-buttons-is-layout-a89b3969 wp-block-buttons-is-layout-flex\">\n<div class=\"wp-block-button\"><a class=\"wp-block-button__link wp-element-button\" href=\"https:\/\/parkinson380.com\/index.php\/2025\/09\/05\/nivel-1-principiantes\/\">Principiantes<\/a><\/div>\n<\/div>\n\n\n\n<figure class=\"wp-block-image size-large\"><img loading=\"lazy\" decoding=\"async\" width=\"1024\" height=\"1024\" src=\"https:\/\/parkinson380.com\/wp-content\/uploads\/2025\/09\/Gemini_Generated_Image_fy6axify6axify6a-1024x1024.png\" alt=\"\" class=\"wp-image-868\" srcset=\"https:\/\/parkinson380.com\/wp-content\/uploads\/2025\/09\/Gemini_Generated_Image_fy6axify6axify6a-1024x1024.png 1024w, https:\/\/parkinson380.com\/wp-content\/uploads\/2025\/09\/Gemini_Generated_Image_fy6axify6axify6a-300x300.png 300w, https:\/\/parkinson380.com\/wp-content\/uploads\/2025\/09\/Gemini_Generated_Image_fy6axify6axify6a-150x150.png 150w, https:\/\/parkinson380.com\/wp-content\/uploads\/2025\/09\/Gemini_Generated_Image_fy6axify6axify6a-2000x2000.png 2000w, https:\/\/parkinson380.com\/wp-content\/uploads\/2025\/09\/Gemini_Generated_Image_fy6axify6axify6a.png 2048w\" sizes=\"auto, (max-width: 1024px) 100vw, 1024px\" \/><\/figure>\n<\/div>\n\n\n\n<div class=\"wp-block-column is-layout-flow wp-block-column-is-layout-flow\">\n<h2 class=\"wp-block-heading has-text-align-center\">Nivel 2 <\/h2>\n\n\n\n<div class=\"wp-block-buttons is-content-justification-center is-layout-flex wp-container-core-buttons-is-layout-a89b3969 wp-block-buttons-is-layout-flex\">\n<div class=\"wp-block-button\"><a class=\"wp-block-button__link wp-element-button\" href=\"https:\/\/parkinson380.com\/index.php\/2025\/09\/05\/nivel-2-intermedios\/\">Intermedios<\/a><\/div>\n<\/div>\n\n\n\n<figure class=\"wp-block-image size-large\"><img loading=\"lazy\" decoding=\"async\" width=\"1024\" height=\"1024\" src=\"https:\/\/parkinson380.com\/wp-content\/uploads\/2025\/09\/Gemini_Generated_Image_t5m3sat5m3sat5m3-1024x1024.png\" alt=\"\" class=\"wp-image-869\" srcset=\"https:\/\/parkinson380.com\/wp-content\/uploads\/2025\/09\/Gemini_Generated_Image_t5m3sat5m3sat5m3-1024x1024.png 1024w, https:\/\/parkinson380.com\/wp-content\/uploads\/2025\/09\/Gemini_Generated_Image_t5m3sat5m3sat5m3-300x300.png 300w, https:\/\/parkinson380.com\/wp-content\/uploads\/2025\/09\/Gemini_Generated_Image_t5m3sat5m3sat5m3-150x150.png 150w, https:\/\/parkinson380.com\/wp-content\/uploads\/2025\/09\/Gemini_Generated_Image_t5m3sat5m3sat5m3-2000x2000.png 2000w, https:\/\/parkinson380.com\/wp-content\/uploads\/2025\/09\/Gemini_Generated_Image_t5m3sat5m3sat5m3.png 2048w\" sizes=\"auto, (max-width: 1024px) 100vw, 1024px\" \/><\/figure>\n<\/div>\n\n\n\n<div class=\"wp-block-column is-layout-flow wp-block-column-is-layout-flow\">\n<h2 class=\"wp-block-heading has-text-align-center\">Nivel 3 <\/h2>\n\n\n\n<div class=\"wp-block-buttons is-content-justification-center is-layout-flex wp-container-core-buttons-is-layout-a89b3969 wp-block-buttons-is-layout-flex\">\n<div class=\"wp-block-button\"><a class=\"wp-block-button__link wp-element-button\" href=\"https:\/\/parkinson380.com\/index.php\/2025\/09\/05\/nivel-1-avanzados\/\">Avanzados<\/a><\/div>\n<\/div>\n\n\n\n<figure class=\"wp-block-image size-large\"><img loading=\"lazy\" decoding=\"async\" width=\"1024\" height=\"1024\" src=\"https:\/\/parkinson380.com\/wp-content\/uploads\/2025\/09\/Gemini_Generated_Image_ye46tkye46tkye46-1024x1024.png\" alt=\"\" class=\"wp-image-870\" srcset=\"https:\/\/parkinson380.com\/wp-content\/uploads\/2025\/09\/Gemini_Generated_Image_ye46tkye46tkye46-1024x1024.png 1024w, https:\/\/parkinson380.com\/wp-content\/uploads\/2025\/09\/Gemini_Generated_Image_ye46tkye46tkye46-300x300.png 300w, https:\/\/parkinson380.com\/wp-content\/uploads\/2025\/09\/Gemini_Generated_Image_ye46tkye46tkye46-150x150.png 150w, https:\/\/parkinson380.com\/wp-content\/uploads\/2025\/09\/Gemini_Generated_Image_ye46tkye46tkye46-2000x2000.png 2000w, https:\/\/parkinson380.com\/wp-content\/uploads\/2025\/09\/Gemini_Generated_Image_ye46tkye46tkye46.png 2048w\" sizes=\"auto, (max-width: 1024px) 100vw, 1024px\" \/><\/figure>\n<\/div>\n<\/div>\n\n\n\n<h2 class=\"wp-block-heading has-text-align-center\">!Ahora tu salud depende solo de ti mismo, \u00e9xitos!<\/h2>\n\n\n\n<p><\/p>\n","protected":false},"excerpt":{"rendered":"<p>ABORDAJE INTEGRAL CONTRA LA ENFERMEDAD DE PARKINSON Cada una de estas gu\u00edas terap\u00e9uticas aportan significativas herramientas que buscan optimizar y regenerar nuestro metabolismo celular. A diferencia de los tratamientos actuales, que se centran principalmente en reponer la dopamina perdida y gestionar los s\u00edntomas, las terapias regenerativas y metab\u00f3licas tienen el potencial de ir m\u00e1s all\u00e1. &hellip; <\/p>\n<p class=\"link-more\"><a href=\"https:\/\/parkinson380.com\/index.php\/regenerando\/\" class=\"more-link\">Leer m\u00e1s<span class=\"screen-reader-text\"> \u00abGUIAS TERAPEUTICAS\u00bb<\/span><\/a><\/p>\n","protected":false},"author":1,"featured_media":829,"parent":0,"menu_order":0,"comment_status":"closed","ping_status":"closed","template":"","meta":{"two_page_speed":[],"footnotes":""},"class_list":["post-670","page","type-page","status-publish","has-post-thumbnail","hentry"],"jetpack_sharing_enabled":true,"_links":{"self":[{"href":"https:\/\/parkinson380.com\/index.php\/wp-json\/wp\/v2\/pages\/670","targetHints":{"allow":["GET"]}}],"collection":[{"href":"https:\/\/parkinson380.com\/index.php\/wp-json\/wp\/v2\/pages"}],"about":[{"href":"https:\/\/parkinson380.com\/index.php\/wp-json\/wp\/v2\/types\/page"}],"author":[{"embeddable":true,"href":"https:\/\/parkinson380.com\/index.php\/wp-json\/wp\/v2\/users\/1"}],"replies":[{"embeddable":true,"href":"https:\/\/parkinson380.com\/index.php\/wp-json\/wp\/v2\/comments?post=670"}],"version-history":[{"count":22,"href":"https:\/\/parkinson380.com\/index.php\/wp-json\/wp\/v2\/pages\/670\/revisions"}],"predecessor-version":[{"id":1209,"href":"https:\/\/parkinson380.com\/index.php\/wp-json\/wp\/v2\/pages\/670\/revisions\/1209"}],"wp:featuredmedia":[{"embeddable":true,"href":"https:\/\/parkinson380.com\/index.php\/wp-json\/wp\/v2\/media\/829"}],"wp:attachment":[{"href":"https:\/\/parkinson380.com\/index.php\/wp-json\/wp\/v2\/media?parent=670"}],"curies":[{"name":"wp","href":"https:\/\/api.w.org\/{rel}","templated":true}]}}