{"id":1366,"date":"2025-11-28T19:14:34","date_gmt":"2025-11-28T18:14:34","guid":{"rendered":"https:\/\/parkinson380.com\/?page_id=1366"},"modified":"2025-11-28T19:14:36","modified_gmt":"2025-11-28T18:14:36","slug":"plan-integral","status":"publish","type":"page","link":"https:\/\/parkinson380.com\/index.php\/plan-integral\/","title":{"rendered":"PLAN INTEGRAL."},"content":{"rendered":"\n<h2 class=\"wp-block-heading\">TRANSFORMA TU VIDA Y RECUPERA TU SALUD.<\/h2>\n\n\n\n<p>Libertad, paz, felicidad y \u00e9xito son aspiraciones universales. Sin embargo, su verdadero disfrute y consecuci\u00f3n son imposibles sin una salud \u00f3ptima. La enfermedad no solo limita, sino que nos priva de la plenitud y la capacidad de gozar de nuestros logros.<\/p>\n\n\n\n<p>A menudo, en la b\u00fasqueda de estos objetivos, descuidamos nuestra salud, el pilar fundamental de nuestro bienestar. Un estilo de vida inadecuado puede erosionar esta base, vaciando de sentido cualquier otro triunfo.<\/p>\n\n\n\n<p>Por este motivo, hemos desarrollado el sistema Parkinson380. Nuestro protocolo integral est\u00e1 dise\u00f1ado para combatir el Parkinson desde una perspectiva metab\u00f3lica. Integramos herramientas terap\u00e9uticas probadas con el objetivo de regenerar el metabolismo celular, que es la base del funcionamiento \u00f3ptimo de nuestro organismo.<\/p>\n\n\n\n<p>Seg\u00fan el plan que hayas elegido, tendr\u00e1s acceso a nuestro protocolo est\u00e1ndar o a una soluci\u00f3n personalizada. \u00a1Es hora de tomar las riendas de tu salud y ponerte en marcha hacia una vida plena!<\/p>\n\n\n\n<div class=\"wp-block-columns is-layout-flex wp-container-core-columns-is-layout-28f84493 wp-block-columns-is-layout-flex\">\n<div class=\"wp-block-column is-layout-flow wp-block-column-is-layout-flow\">\n<h2 class=\"wp-block-heading\">Plan Estandar.<\/h2>\n\n\n\n<figure class=\"wp-block-image size-large\"><img loading=\"lazy\" decoding=\"async\" width=\"1024\" height=\"1024\" src=\"https:\/\/parkinson380.com\/wp-content\/uploads\/2025\/09\/Gemini_Generated_Image_g83m7ig83m7ig83m-1024x1024.png\" alt=\"\" class=\"wp-image-818\" srcset=\"https:\/\/parkinson380.com\/wp-content\/uploads\/2025\/09\/Gemini_Generated_Image_g83m7ig83m7ig83m-1024x1024.png 1024w, https:\/\/parkinson380.com\/wp-content\/uploads\/2025\/09\/Gemini_Generated_Image_g83m7ig83m7ig83m-300x300.png 300w, https:\/\/parkinson380.com\/wp-content\/uploads\/2025\/09\/Gemini_Generated_Image_g83m7ig83m7ig83m-150x150.png 150w, https:\/\/parkinson380.com\/wp-content\/uploads\/2025\/09\/Gemini_Generated_Image_g83m7ig83m7ig83m-2000x2000.png 2000w, https:\/\/parkinson380.com\/wp-content\/uploads\/2025\/09\/Gemini_Generated_Image_g83m7ig83m7ig83m.png 2048w\" sizes=\"auto, (max-width: 1024px) 100vw, 1024px\" \/><\/figure>\n\n\n\n<div class=\"wp-block-buttons is-content-justification-center is-layout-flex wp-container-core-buttons-is-layout-a89b3969 wp-block-buttons-is-layout-flex\">\n<div class=\"wp-block-button has-custom-width wp-block-button__width-75\"><a class=\"wp-block-button__link wp-element-button\" href=\"https:\/\/parkinson380.com\/index.php\/protocolo-semanal\/\">Est\u00e1ndar.<\/a><\/div>\n<\/div>\n<\/div>\n\n\n\n<div class=\"wp-block-column is-layout-flow wp-block-column-is-layout-flow\">\n<h2 class=\"wp-block-heading\">Plan Personalizado<\/h2>\n\n\n\n<figure class=\"wp-block-image size-large\"><img loading=\"lazy\" decoding=\"async\" width=\"1024\" height=\"1024\" src=\"https:\/\/parkinson380.com\/wp-content\/uploads\/2025\/09\/Gemini_Generated_Image_t5m3sat5m3sat5m3-1024x1024.png\" alt=\"\" class=\"wp-image-869\" srcset=\"https:\/\/parkinson380.com\/wp-content\/uploads\/2025\/09\/Gemini_Generated_Image_t5m3sat5m3sat5m3-1024x1024.png 1024w, https:\/\/parkinson380.com\/wp-content\/uploads\/2025\/09\/Gemini_Generated_Image_t5m3sat5m3sat5m3-300x300.png 300w, https:\/\/parkinson380.com\/wp-content\/uploads\/2025\/09\/Gemini_Generated_Image_t5m3sat5m3sat5m3-150x150.png 150w, https:\/\/parkinson380.com\/wp-content\/uploads\/2025\/09\/Gemini_Generated_Image_t5m3sat5m3sat5m3-2000x2000.png 2000w, https:\/\/parkinson380.com\/wp-content\/uploads\/2025\/09\/Gemini_Generated_Image_t5m3sat5m3sat5m3.png 2048w\" sizes=\"auto, (max-width: 1024px) 100vw, 1024px\" \/><\/figure>\n\n\n\n<div class=\"wp-block-buttons is-content-justification-center is-layout-flex wp-container-core-buttons-is-layout-a89b3969 wp-block-buttons-is-layout-flex\">\n<div class=\"wp-block-button has-custom-width wp-block-button__width-75\"><a class=\"wp-block-button__link wp-element-button\" href=\"\/?p=1057&amp;single_plan=yes\">Personalizado.<\/a><\/div>\n<\/div>\n<\/div>\n<\/div>\n\n\n\n<p><\/p>\n\n\n\n<p><\/p>\n","protected":false},"excerpt":{"rendered":"<p>TRANSFORMA TU VIDA Y RECUPERA TU SALUD. Libertad, paz, felicidad y \u00e9xito son aspiraciones universales. Sin embargo, su verdadero disfrute y consecuci\u00f3n son imposibles sin una salud \u00f3ptima. La enfermedad no solo limita, sino que nos priva de la plenitud y la capacidad de gozar de nuestros logros. A menudo, en la b\u00fasqueda de estos &hellip; <\/p>\n<p class=\"link-more\"><a href=\"https:\/\/parkinson380.com\/index.php\/plan-integral\/\" class=\"more-link\">Leer m\u00e1s<span class=\"screen-reader-text\"> \u00abPLAN INTEGRAL.\u00bb<\/span><\/a><\/p>\n","protected":false},"author":1,"featured_media":860,"parent":0,"menu_order":0,"comment_status":"closed","ping_status":"closed","template":"","meta":{"two_page_speed":[],"footnotes":""},"class_list":["post-1366","page","type-page","status-publish","has-post-thumbnail","hentry"],"jetpack_sharing_enabled":true,"_links":{"self":[{"href":"https:\/\/parkinson380.com\/index.php\/wp-json\/wp\/v2\/pages\/1366","targetHints":{"allow":["GET"]}}],"collection":[{"href":"https:\/\/parkinson380.com\/index.php\/wp-json\/wp\/v2\/pages"}],"about":[{"href":"https:\/\/parkinson380.com\/index.php\/wp-json\/wp\/v2\/types\/page"}],"author":[{"embeddable":true,"href":"https:\/\/parkinson380.com\/index.php\/wp-json\/wp\/v2\/users\/1"}],"replies":[{"embeddable":true,"href":"https:\/\/parkinson380.com\/index.php\/wp-json\/wp\/v2\/comments?post=1366"}],"version-history":[{"count":1,"href":"https:\/\/parkinson380.com\/index.php\/wp-json\/wp\/v2\/pages\/1366\/revisions"}],"predecessor-version":[{"id":1368,"href":"https:\/\/parkinson380.com\/index.php\/wp-json\/wp\/v2\/pages\/1366\/revisions\/1368"}],"wp:featuredmedia":[{"embeddable":true,"href":"https:\/\/parkinson380.com\/index.php\/wp-json\/wp\/v2\/media\/860"}],"wp:attachment":[{"href":"https:\/\/parkinson380.com\/index.php\/wp-json\/wp\/v2\/media?parent=1366"}],"curies":[{"name":"wp","href":"https:\/\/api.w.org\/{rel}","templated":true}]}}