{"id":1199,"date":"2025-10-25T20:01:11","date_gmt":"2025-10-25T18:01:11","guid":{"rendered":"https:\/\/parkinson380.com\/index.php\/pricing-2\/"},"modified":"2025-10-28T19:43:24","modified_gmt":"2025-10-28T18:43:24","slug":"pricing-2","status":"publish","type":"page","link":"https:\/\/parkinson380.com\/index.php\/pricing-2\/","title":{"rendered":"PRECIOS"},"content":{"rendered":"\n<div class=\"wp-block-columns alignwide pms-pt-gap is-layout-flex wp-container-core-columns-is-layout-d2da2050 wp-block-columns-is-layout-flex\" style=\"margin-bottom:0\">\n<div class=\"wp-block-column pms-pt-border-1 pms-pt-card-1 has-border-color has-global-padding is-layout-constrained wp-container-core-column-is-layout-23b1a4dc wp-block-column-is-layout-constrained\" style=\"border-color:#7a838b;border-width:2px;padding-top:var(--wp--preset--spacing--30);padding-right:var(--wp--preset--spacing--30);padding-bottom:var(--wp--preset--spacing--30);padding-left:var(--wp--preset--spacing--30)\">\n<h2 class=\"wp-block-heading has-text-align-center pms-pt-text-title has-text-color\" style=\"color:#7a838b;font-style:normal;font-weight:500\">ESTANDAR: mensual<\/h2>\n\n\n\n<h3 class=\"wp-block-heading has-text-align-center pms-pt-text-price has-text-color\" style=\"color:#7a838b\">9$<span class=\"pms-pt-text-duration\"><span class=\"pms-divider pms-duration-divider\"> \/ <\/span><\/span><\/h3>\n\n\n\n<p class=\"has-text-align-left\">En este plan vas a encontrar tu Plan diario y secuencial y todas las herramientas terap\u00e9uticas optimizadas para su desarrollo de manera did\u00e1ctica y detallada<span class=\"pms-pt-text-description\">.<\/span><\/p>\n\n\n\n<hr class=\"wp-block-separator has-alpha-channel-opacity pms-pt-separator is-style-dots\"\/>\n\n\n\n<ul class=\"wp-block-list pms-pt-list\">\n<li>Gu\u00eda de suplementaci\u00f3n<\/li>\n\n\n\n<li>Gu\u00eda de alimentaci\u00f3n<\/li>\n\n\n\n<li>Gu\u00eda contra el estre\u00f1imiento<\/li>\n\n\n\n<li>Gu\u00eda contra el insomnio<\/li>\n\n\n\n<li>Gu\u00eda de ejercicios f\u00edsicos<\/li>\n\n\n\n<li>Gu\u00eda de manejo del estr\u00e9s<\/li>\n\n\n\n<li>Ejemplos por niveles<\/li>\n\n\n\n<li>PROTOCOLO DIARIO Y SECUENCIAL<\/li>\n<\/ul>\n\n\n\n<div class=\"wp-block-buttons pms-pt-button-column-1 is-content-justification-center is-layout-flex wp-container-core-buttons-is-layout-098cc607 wp-block-buttons-is-layout-flex\">\n<div class=\"wp-block-button has-custom-width wp-block-button__width-75 is-style-outline is-style-outline--1\"><a class=\"wp-block-button__link has-text-align-center wp-element-button\" href=\"https:\/\/parkinson380.com\/index.php\/register\/\" style=\"border-radius:0px\"><strong>Buy Now<\/strong><\/a><\/div>\n<\/div>\n<\/div>\n\n\n\n<div class=\"wp-block-column pms-pt-border-2 pms-pt-card-2 has-border-color has-global-padding is-layout-constrained wp-container-core-column-is-layout-23b1a4dc wp-block-column-is-layout-constrained\" style=\"border-color:#d7b045;border-width:2px;padding-top:var(--wp--preset--spacing--30);padding-right:var(--wp--preset--spacing--30);padding-bottom:var(--wp--preset--spacing--30);padding-left:var(--wp--preset--spacing--30)\">\n<h2 class=\"wp-block-heading has-text-align-center pms-pt-text-title has-text-color\" style=\"color:#d7b045;font-style:normal;font-weight:500\">ESTANDAR. anual<\/h2>\n\n\n\n<h3 class=\"wp-block-heading has-text-align-center pms-pt-text-price has-text-color\" style=\"color:#d7b045\">90$ <span class=\"pms-pt-text-duration\"><\/span><\/h3>\n\n\n\n<p class=\"has-text-align-left\"><span class=\"pms-pt-text-description\">En este plan vas a encontrar tu Plan diario y secuencial y todas las herramientas terap\u00e9uticas optimizadas para su desarrollo de manera did\u00e1ctica y detal<\/span><\/p>\n\n\n\n<p class=\"has-text-align-left\"><\/p>\n\n\n\n<p class=\"has-text-align-left\"><\/p>\n\n\n\n<ul class=\"wp-block-list pms-pt-list pms-pt-list-extra\">\n<li>Gu\u00eda de suplementaci\u00f3n<\/li>\n\n\n\n<li>Gu\u00eda de alimentaci\u00f3n<\/li>\n\n\n\n<li>Gu\u00eda contra el estre\u00f1imiento<\/li>\n\n\n\n<li>Gu\u00eda contra el insomnio<\/li>\n\n\n\n<li>Gu\u00eda de ejercicios f\u00edsicos<\/li>\n\n\n\n<li>Gu\u00eda de manejo del estr\u00e9s<\/li>\n\n\n\n<li>Ejemplos por niveles<\/li>\n\n\n\n<li>PROTOCOLO DIARIO Y SECUENCIAL<\/li>\n<\/ul>\n\n\n\n<div class=\"wp-block-buttons pms-pt-button-column-2 is-content-justification-center is-layout-flex wp-container-core-buttons-is-layout-098cc607 wp-block-buttons-is-layout-flex\">\n<div class=\"wp-block-button has-custom-width wp-block-button__width-75 is-style-outline is-style-outline--2\"><a class=\"wp-block-button__link has-text-align-center wp-element-button\" href=\"https:\/\/parkinson380.com\/index.php\/register\/\" style=\"border-radius:0px\"><strong>Buy Now<\/strong><\/a><\/div>\n<\/div>\n<\/div>\n\n\n\n<div class=\"wp-block-column pms-pt-border-1 pms-pt-card-3 has-border-color has-global-padding is-layout-constrained wp-container-core-column-is-layout-23b1a4dc wp-block-column-is-layout-constrained\" style=\"border-color:#6eb096;border-width:2px;padding-top:var(--wp--preset--spacing--30);padding-right:var(--wp--preset--spacing--30);padding-bottom:var(--wp--preset--spacing--30);padding-left:var(--wp--preset--spacing--30)\">\n<h2 class=\"wp-block-heading has-text-align-center pms-pt-text-title has-text-color\" style=\"color:#6eb096;font-style:normal;font-weight:500\">Personalizado<\/h2>\n\n\n\n<h3 class=\"wp-block-heading has-text-align-center pms-pt-text-price has-text-color\" style=\"color:#6eb096\">180$<span class=\"pms-pt-text-duration\"><span class=\"pms-divider pms-duration-divider\"> \/ <\/span><span class=\"pms-subscription-plan-duration\">1 Year<\/span><\/span><\/h3>\n\n\n\n<p class=\"has-text-align-left\"><span class=\"pms-pt-text-description\">Este plan te ofrece todo lo del plan est\u00e1ndar las gu\u00edas el protocolo diario y adem\u00e1s personalizamos el plan seg\u00fan tus necesidades y el contexto en el que te encuentras esto multiplica las probabilidades de \u00e9xito.<\/span><\/p>\n\n\n\n<hr class=\"wp-block-separator has-alpha-channel-opacity pms-pt-separator is-style-dots\"\/>\n\n\n\n<p class=\"has-text-align-left\">Todo lo del plan est\u00e1ndar y adem\u00e1s.<\/p>\n\n\n\n<ul class=\"wp-block-list pms-pt-list\">\n<li>Personalizaci\u00f3n del protocolo diario<\/li>\n\n\n\n<li>Consultas personalizadas<\/li>\n\n\n\n<li>Soporte continuo<\/li>\n\n\n\n<li>Seguimiento del protocolo<\/li>\n<\/ul>\n\n\n\n<div class=\"wp-block-buttons pms-pt-button-column-1 is-content-justification-center is-layout-flex wp-container-core-buttons-is-layout-a89b3969 wp-block-buttons-is-layout-flex\">\n<div class=\"wp-block-button has-custom-width wp-block-button__width-75 is-style-outline is-style-outline--3\"><a class=\"wp-block-button__link has-text-align-center wp-element-button\" href=\"https:\/\/parkinson380.com\/index.php\/register\/\" style=\"border-radius:0px\"><strong>Buy Now<\/strong><\/a><\/div>\n<\/div>\n<\/div>\n<\/div>\n","protected":false},"excerpt":{"rendered":"<p>ESTANDAR: mensual 9$ \/ En este plan vas a encontrar tu Plan diario y secuencial y todas las herramientas terap\u00e9uticas optimizadas para su desarrollo de manera did\u00e1ctica y detallada. ESTANDAR. anual 90$ En este plan vas a encontrar tu Plan diario y secuencial y todas las herramientas terap\u00e9uticas optimizadas para su desarrollo de manera did\u00e1ctica &hellip; <\/p>\n<p class=\"link-more\"><a href=\"https:\/\/parkinson380.com\/index.php\/pricing-2\/\" class=\"more-link\">Leer m\u00e1s<span class=\"screen-reader-text\"> \u00abPRECIOS\u00bb<\/span><\/a><\/p>\n","protected":false},"author":1,"featured_media":0,"parent":0,"menu_order":0,"comment_status":"closed","ping_status":"closed","template":"","meta":{"two_page_speed":[],"footnotes":""},"class_list":["post-1199","page","type-page","status-publish","hentry"],"jetpack_sharing_enabled":true,"_links":{"self":[{"href":"https:\/\/parkinson380.com\/index.php\/wp-json\/wp\/v2\/pages\/1199","targetHints":{"allow":["GET"]}}],"collection":[{"href":"https:\/\/parkinson380.com\/index.php\/wp-json\/wp\/v2\/pages"}],"about":[{"href":"https:\/\/parkinson380.com\/index.php\/wp-json\/wp\/v2\/types\/page"}],"author":[{"embeddable":true,"href":"https:\/\/parkinson380.com\/index.php\/wp-json\/wp\/v2\/users\/1"}],"replies":[{"embeddable":true,"href":"https:\/\/parkinson380.com\/index.php\/wp-json\/wp\/v2\/comments?post=1199"}],"version-history":[{"count":5,"href":"https:\/\/parkinson380.com\/index.php\/wp-json\/wp\/v2\/pages\/1199\/revisions"}],"predecessor-version":[{"id":1208,"href":"https:\/\/parkinson380.com\/index.php\/wp-json\/wp\/v2\/pages\/1199\/revisions\/1208"}],"wp:attachment":[{"href":"https:\/\/parkinson380.com\/index.php\/wp-json\/wp\/v2\/media?parent=1199"}],"curies":[{"name":"wp","href":"https:\/\/api.w.org\/{rel}","templated":true}]}}