{"id":1057,"date":"2025-10-01T11:34:58","date_gmt":"2025-10-01T09:34:58","guid":{"rendered":"https:\/\/parkinson380.com\/?page_id=1057"},"modified":"2025-10-01T11:59:10","modified_gmt":"2025-10-01T09:59:10","slug":"personalizado","status":"publish","type":"page","link":"https:\/\/parkinson380.com\/index.php\/personalizado\/","title":{"rendered":"Personalizado."},"content":{"rendered":"\n<p>.<\/p>\n\n\n\n<div class=\"wp-block-columns is-layout-flex wp-container-core-columns-is-layout-28f84493 wp-block-columns-is-layout-flex\">\n<div class=\"wp-block-column is-layout-flow wp-block-column-is-layout-flow\">\n<p>La personalizaci\u00f3n del sistema Parkinson380 busca optimizar los resultados al adaptar el plan terap\u00e9utico al contexto \u00fanico de cada persona. Las necesidades, padecimientos y caracter\u00edsticas individuales difieren significativamente, lo que implica priorizar ciertos abordajes terap\u00e9uticos sobre otros. Al dise\u00f1ar un plan personalizado, aumentamos considerablemente las probabilidades de \u00e9xito para alcanzar los objetivos deseados.<\/p>\n<\/div>\n\n\n\n<div class=\"wp-block-column is-layout-flow wp-block-column-is-layout-flow\">\n<figure class=\"wp-block-image size-large\"><img loading=\"lazy\" decoding=\"async\" width=\"1024\" height=\"1024\" src=\"https:\/\/parkinson380.com\/wp-content\/uploads\/2025\/09\/Gemini_Generated_Image_id99nbid99nbid99-1024x1024.png\" alt=\"\" class=\"wp-image-820\" srcset=\"https:\/\/parkinson380.com\/wp-content\/uploads\/2025\/09\/Gemini_Generated_Image_id99nbid99nbid99-1024x1024.png 1024w, https:\/\/parkinson380.com\/wp-content\/uploads\/2025\/09\/Gemini_Generated_Image_id99nbid99nbid99-300x300.png 300w, https:\/\/parkinson380.com\/wp-content\/uploads\/2025\/09\/Gemini_Generated_Image_id99nbid99nbid99-150x150.png 150w, https:\/\/parkinson380.com\/wp-content\/uploads\/2025\/09\/Gemini_Generated_Image_id99nbid99nbid99-2000x2000.png 2000w, https:\/\/parkinson380.com\/wp-content\/uploads\/2025\/09\/Gemini_Generated_Image_id99nbid99nbid99.png 2048w\" sizes=\"auto, (max-width: 1024px) 100vw, 1024px\" \/><\/figure>\n<\/div>\n<\/div>\n\n\n\n<div class=\"wp-block-buttons is-content-justification-center is-layout-flex wp-container-core-buttons-is-layout-a89b3969 wp-block-buttons-is-layout-flex\"><\/div>\n\n\n\n<div class=\"wp-block-columns is-layout-flex wp-container-core-columns-is-layout-28f84493 wp-block-columns-is-layout-flex\">\n<div class=\"wp-block-column is-layout-flow wp-block-column-is-layout-flow\">\n<h2 class=\"wp-block-heading\">Personalizando tu plan<\/h2>\n\n\n\n<h2 class=\"wp-block-heading\">PASO 1 <\/h2>\n<\/div>\n\n\n\n<div class=\"wp-block-column is-layout-flow wp-block-column-is-layout-flow\">\n<figure class=\"wp-block-image size-large\"><img loading=\"lazy\" decoding=\"async\" width=\"1024\" height=\"1024\" src=\"https:\/\/parkinson380.com\/wp-content\/uploads\/2025\/08\/Gemini_Generated_Image_zpukfzpukfzpukfz-1024x1024.png\" alt=\"\" class=\"wp-image-772\" srcset=\"https:\/\/parkinson380.com\/wp-content\/uploads\/2025\/08\/Gemini_Generated_Image_zpukfzpukfzpukfz-1024x1024.png 1024w, https:\/\/parkinson380.com\/wp-content\/uploads\/2025\/08\/Gemini_Generated_Image_zpukfzpukfzpukfz-300x300.png 300w, https:\/\/parkinson380.com\/wp-content\/uploads\/2025\/08\/Gemini_Generated_Image_zpukfzpukfzpukfz-150x150.png 150w, https:\/\/parkinson380.com\/wp-content\/uploads\/2025\/08\/Gemini_Generated_Image_zpukfzpukfzpukfz-2000x2000.png 2000w, https:\/\/parkinson380.com\/wp-content\/uploads\/2025\/08\/Gemini_Generated_Image_zpukfzpukfzpukfz.png 2048w\" sizes=\"auto, (max-width: 1024px) 100vw, 1024px\" \/><\/figure>\n<\/div>\n<\/div>\n\n\n\n<div class=\"wp-block-buttons is-content-justification-center is-layout-flex wp-container-core-buttons-is-layout-a89b3969 wp-block-buttons-is-layout-flex\">\n<div class=\"wp-block-button has-custom-width wp-block-button__width-50\"><a class=\"wp-block-button__link wp-element-button\" href=\"https:\/\/parkinson380.com\/index.php\/2025\/10\/01\/paso-1\/\">Personaliza tu plan<\/a><\/div>\n<\/div>\n\n\n\n<div class=\"wp-block-columns is-layout-flex wp-container-core-columns-is-layout-28f84493 wp-block-columns-is-layout-flex\">\n<div class=\"wp-block-column is-layout-flow wp-block-column-is-layout-flow\">\n<h1 class=\"wp-block-heading\">PASO 2<\/h1>\n\n\n\n<h2 class=\"wp-block-heading\">AGENDA TU CONSULTA<\/h2>\n\n\n\n<p>Solo despu\u00e9s de concluir el paso 1<\/p>\n<\/div>\n\n\n\n<div class=\"wp-block-column is-layout-flow wp-block-column-is-layout-flow\">\n<figure class=\"wp-block-image size-full\"><img loading=\"lazy\" decoding=\"async\" width=\"1024\" height=\"1024\" src=\"https:\/\/parkinson380.com\/wp-content\/uploads\/2024\/11\/Hombre-mayor-con-la-laptop.webp\" alt=\"\" class=\"wp-image-587\" srcset=\"https:\/\/parkinson380.com\/wp-content\/uploads\/2024\/11\/Hombre-mayor-con-la-laptop.webp 1024w, https:\/\/parkinson380.com\/wp-content\/uploads\/2024\/11\/Hombre-mayor-con-la-laptop-300x300.webp 300w, https:\/\/parkinson380.com\/wp-content\/uploads\/2024\/11\/Hombre-mayor-con-la-laptop-150x150.webp 150w\" sizes=\"auto, (max-width: 1024px) 100vw, 1024px\" \/><\/figure>\n<\/div>\n<\/div>\n\n\n\n<div class=\"wp-block-buttons is-content-justification-center is-layout-flex wp-container-core-buttons-is-layout-a89b3969 wp-block-buttons-is-layout-flex\">\n<div class=\"wp-block-button has-custom-width wp-block-button__width-50\"><a class=\"wp-block-button__link wp-element-button\" href=\"https:\/\/parkinson380.com\/index.php\/agenda-tu-cita\/\">AGENDA LA CONSULTA<\/a><\/div>\n<\/div>\n\n\n\n<p><\/p>\n","protected":false},"excerpt":{"rendered":"<p>. La personalizaci\u00f3n del sistema Parkinson380 busca optimizar los resultados al adaptar el plan terap\u00e9utico al contexto \u00fanico de cada persona. Las necesidades, padecimientos y caracter\u00edsticas individuales difieren significativamente, lo que implica priorizar ciertos abordajes terap\u00e9uticos sobre otros. Al dise\u00f1ar un plan personalizado, aumentamos considerablemente las probabilidades de \u00e9xito para alcanzar los objetivos deseados. Personalizando &hellip; <\/p>\n<p class=\"link-more\"><a href=\"https:\/\/parkinson380.com\/index.php\/personalizado\/\" class=\"more-link\">Leer m\u00e1s<span class=\"screen-reader-text\"> \u00abPersonalizado.\u00bb<\/span><\/a><\/p>\n","protected":false},"author":1,"featured_media":858,"parent":0,"menu_order":0,"comment_status":"closed","ping_status":"closed","template":"","meta":{"two_page_speed":[],"footnotes":""},"class_list":["post-1057","page","type-page","status-publish","has-post-thumbnail","hentry"],"jetpack_sharing_enabled":true,"_links":{"self":[{"href":"https:\/\/parkinson380.com\/index.php\/wp-json\/wp\/v2\/pages\/1057","targetHints":{"allow":["GET"]}}],"collection":[{"href":"https:\/\/parkinson380.com\/index.php\/wp-json\/wp\/v2\/pages"}],"about":[{"href":"https:\/\/parkinson380.com\/index.php\/wp-json\/wp\/v2\/types\/page"}],"author":[{"embeddable":true,"href":"https:\/\/parkinson380.com\/index.php\/wp-json\/wp\/v2\/users\/1"}],"replies":[{"embeddable":true,"href":"https:\/\/parkinson380.com\/index.php\/wp-json\/wp\/v2\/comments?post=1057"}],"version-history":[{"count":2,"href":"https:\/\/parkinson380.com\/index.php\/wp-json\/wp\/v2\/pages\/1057\/revisions"}],"predecessor-version":[{"id":1063,"href":"https:\/\/parkinson380.com\/index.php\/wp-json\/wp\/v2\/pages\/1057\/revisions\/1063"}],"wp:featuredmedia":[{"embeddable":true,"href":"https:\/\/parkinson380.com\/index.php\/wp-json\/wp\/v2\/media\/858"}],"wp:attachment":[{"href":"https:\/\/parkinson380.com\/index.php\/wp-json\/wp\/v2\/media?parent=1057"}],"curies":[{"name":"wp","href":"https:\/\/api.w.org\/{rel}","templated":true}]}}